{"id":987,"date":"2019-09-09T22:14:33","date_gmt":"2019-09-09T22:14:33","guid":{"rendered":"http:\/\/www.fendreparis.com\/?page_id=987"},"modified":"2022-01-18T10:21:44","modified_gmt":"2022-01-18T10:21:44","slug":"kalite-politikamiz","status":"publish","type":"page","link":"https:\/\/www.mureks.com.tr\/en\/kalite-politikamiz\/","title":{"rendered":"QUALITY POLICY"},"content":{"rendered":"<p>[vc_row][vc_column][vc_empty_space][\/vc_column][\/vc_row][vc_row][vc_column width=&#8221;2\/3&#8243;][vc_column_text]<strong>QUALITY POLICY<\/strong><\/p>\n<p>Our biggest goal is to move our brand forward with our innovative and creative approaches every day and to demonstrate our quality. Our company applies the quality management system based on the process to increase customer satisfaction, reviews the effectiveness of the system and provides the resources needed for continuous improvement.<\/p>\n<p>It provides the necessary facilities for the continuous improvement of quality and for the production of the final product and service in accordance with the definition of quality to ensure that all its personnel continue their training activities and participate in quality team work.<\/p>\n<p>We use every second to produce the highest quality products in the market to provide you with the best quality products that match your desires. Our biggest goal is to make a difference with our quality by adopting the goals and objectives of our customers.[\/vc_column_text][vc_empty_space height=&#8221;50px&#8221;][\/vc_column][vc_column width=&#8221;1\/3&#8243; css=&#8221;.vc_custom_1548547510622{border-left-width: 1px !important;padding-left: 10px !important;border-left-color: #4c4c4c !important;border-left-style: dotted !important;}&#8221;][vc_column_text]<strong><img loading=\"lazy\" decoding=\"async\" class=\"alignnone size-full wp-image-1052\" src=\"http:\/\/www.mureks.com.tr\/yeni\/wp-content\/uploads\/2019\/09\/banner-1-1.jpg\" alt=\"\" width=\"350\" height=\"300\" srcset=\"https:\/\/www.mureks.com.tr\/wp-content\/uploads\/2019\/09\/banner-1-1.jpg 350w, https:\/\/www.mureks.com.tr\/wp-content\/uploads\/2019\/09\/banner-1-1-300x257.jpg 300w\" sizes=\"auto, (max-width: 350px) 100vw, 350px\" \/><\/strong><\/p>\n<p><strong>ADDRESS<\/strong><br \/>\n19 May\u0131s Mah. G\u00fcne\u015fli Sok. No:2 D:5 Kazasker Kad\u0131k\u00f6y \/ \u0130stanbul 34736<\/p>\n<p><strong>PHONE<\/strong><br \/>\n+90 216 355 72 04<\/p>\n<p><strong>FAX<\/strong><br \/>\n+90 216 355 72 48<\/p>\n<p><strong>MAIL<\/strong><br \/>\nmureks@mureks.com.tr[\/vc_column_text][\/vc_column][\/vc_row]<\/p>","protected":false},"excerpt":{"rendered":"<p>[vc_row][vc_column][vc_empty_space][\/vc_column][\/vc_row][vc_row][vc_column width=&#8221;2\/3&#8243;][vc_column_text]QUALITY POLICY Our biggest goal is to move our brand forward with our innovative and creative approaches every day and to demonstrate our quality. Our company applies the quality management system based on the process to increase customer satisfaction, reviews the effectiveness of the system and provides the resources needed for continuous improvement. It [&hellip;]<\/p>\n","protected":false},"author":1,"featured_media":0,"parent":0,"menu_order":0,"comment_status":"closed","ping_status":"closed","template":"","meta":{"om_disable_all_campaigns":false,"_monsterinsights_skip_tracking":false,"_monsterinsights_sitenote_active":false,"_monsterinsights_sitenote_note":"","_monsterinsights_sitenote_category":0,"footnotes":""},"class_list":["post-987","page","type-page","status-publish","hentry","no-post-thumbnail"],"_links":{"self":[{"href":"https:\/\/www.mureks.com.tr\/en\/wp-json\/wp\/v2\/pages\/987","targetHints":{"allow":["GET"]}}],"collection":[{"href":"https:\/\/www.mureks.com.tr\/en\/wp-json\/wp\/v2\/pages"}],"about":[{"href":"https:\/\/www.mureks.com.tr\/en\/wp-json\/wp\/v2\/types\/page"}],"author":[{"embeddable":true,"href":"https:\/\/www.mureks.com.tr\/en\/wp-json\/wp\/v2\/users\/1"}],"replies":[{"embeddable":true,"href":"https:\/\/www.mureks.com.tr\/en\/wp-json\/wp\/v2\/comments?post=987"}],"version-history":[{"count":10,"href":"https:\/\/www.mureks.com.tr\/en\/wp-json\/wp\/v2\/pages\/987\/revisions"}],"predecessor-version":[{"id":1285,"href":"https:\/\/www.mureks.com.tr\/en\/wp-json\/wp\/v2\/pages\/987\/revisions\/1285"}],"wp:attachment":[{"href":"https:\/\/www.mureks.com.tr\/en\/wp-json\/wp\/v2\/media?parent=987"}],"curies":[{"name":"wp","href":"https:\/\/api.w.org\/{rel}","templated":true}]}}