{"id":711,"date":"2019-03-03T20:46:02","date_gmt":"2019-03-03T20:46:02","guid":{"rendered":"http:\/\/www.coksekerambalaj.com\/?page_id=711"},"modified":"2022-01-18T10:27:01","modified_gmt":"2022-01-18T10:27:01","slug":"hakkimizda","status":"publish","type":"page","link":"https:\/\/www.mureks.com.tr\/en\/hakkimizda\/","title":{"rendered":"ABOUT US"},"content":{"rendered":"<p>[vc_row][vc_column][vc_empty_space][\/vc_column][\/vc_row][vc_row][vc_column width=&#8221;2\/3&#8243;][vc_column_text]<span id=\"u16943\">Mureks D\u0131\u015f Ticaret ve Petrol Sanayi Ltd. \u015eti. is a private company established in 1987.<\/span><\/p>\n<p><span id=\"u16943\">We specialize in organic and inorganic chemicals, polymers, dry and liquid chemicals that we offer in large quantities to our customers in Turkey and internationally. Mureks D\u0131\u015f Ticaret ve Petrol Sanayi Ltd. \u015eti. is a special distributor of &#8220;Zaporizhskloflus&#8221;. Please go to the products section for a detailed list of our products.<\/span><\/p>\n<p><span id=\"u16943\">We have created a business environment based on open communication, adhering to customer needs, fulfilling our agreements.We are committed to being a competent and reliable partner.Please click on the contact button to contact us.<\/span><\/p>\n<p><span id=\"u16943\">In case of international sales, we prepare all shipping documents and make all arrangements with shipping companies so that we can offer deliveries on the basis of CIF and DDP.Our main goal is to provide an excellent service to our customers. We have the flexibility and resources to serve specific customer needs.Consulting is another way we help our customers succeed.Contact us for your chemical needs and give us the opportunity to demonstrate the best customer service in the chemical industry.<\/span>[\/vc_column_text][vc_empty_space height=&#8221;50px&#8221;][\/vc_column][vc_column width=&#8221;1\/3&#8243; css=&#8221;.vc_custom_1548547510622{border-left-width: 1px !important;padding-left: 10px !important;border-left-color: #4c4c4c !important;border-left-style: dotted !important;}&#8221;][vc_column_text]<strong><img loading=\"lazy\" decoding=\"async\" class=\"alignnone size-full wp-image-1052\" src=\"http:\/\/www.mureks.com.tr\/yeni\/wp-content\/uploads\/2019\/09\/banner-1-1.jpg\" alt=\"\" width=\"350\" height=\"300\" srcset=\"https:\/\/www.mureks.com.tr\/wp-content\/uploads\/2019\/09\/banner-1-1.jpg 350w, https:\/\/www.mureks.com.tr\/wp-content\/uploads\/2019\/09\/banner-1-1-300x257.jpg 300w\" sizes=\"auto, (max-width: 350px) 100vw, 350px\" \/><\/strong><\/p>\n<p><strong>ADDRESS<\/strong><br \/>\n19 May\u0131s Mah. G\u00fcne\u015fli Sok. No:2 D:5 Kazasker Kad\u0131k\u00f6y \/ \u0130stanbul 34736<\/p>\n<p><strong>PHONE<\/strong><br \/>\n+90 216 355 72 04<\/p>\n<p><strong>FAX<\/strong><br \/>\n+90 216 355 72 48<\/p>\n<p><strong>MAIL<\/strong><br \/>\nmureks@mureks.com.tr[\/vc_column_text][\/vc_column][\/vc_row]<\/p>","protected":false},"excerpt":{"rendered":"<p>[vc_row][vc_column][vc_empty_space][\/vc_column][\/vc_row][vc_row][vc_column width=&#8221;2\/3&#8243;][vc_column_text]Mureks D\u0131\u015f Ticaret ve Petrol Sanayi Ltd. \u015eti. is a private company established in 1987. We specialize in organic and inorganic chemicals, polymers, dry and liquid chemicals that we offer in large quantities to our customers in Turkey and internationally. Mureks D\u0131\u015f Ticaret ve Petrol Sanayi Ltd. \u015eti. is a special distributor of &#8220;Zaporizhskloflus&#8221;. [&hellip;]<\/p>\n","protected":false},"author":1,"featured_media":0,"parent":0,"menu_order":0,"comment_status":"closed","ping_status":"closed","template":"","meta":{"om_disable_all_campaigns":false,"_monsterinsights_skip_tracking":false,"_monsterinsights_sitenote_active":false,"_monsterinsights_sitenote_note":"","_monsterinsights_sitenote_category":0,"footnotes":""},"class_list":["post-711","page","type-page","status-publish","hentry","no-post-thumbnail"],"_links":{"self":[{"href":"https:\/\/www.mureks.com.tr\/en\/wp-json\/wp\/v2\/pages\/711","targetHints":{"allow":["GET"]}}],"collection":[{"href":"https:\/\/www.mureks.com.tr\/en\/wp-json\/wp\/v2\/pages"}],"about":[{"href":"https:\/\/www.mureks.com.tr\/en\/wp-json\/wp\/v2\/types\/page"}],"author":[{"embeddable":true,"href":"https:\/\/www.mureks.com.tr\/en\/wp-json\/wp\/v2\/users\/1"}],"replies":[{"embeddable":true,"href":"https:\/\/www.mureks.com.tr\/en\/wp-json\/wp\/v2\/comments?post=711"}],"version-history":[{"count":16,"href":"https:\/\/www.mureks.com.tr\/en\/wp-json\/wp\/v2\/pages\/711\/revisions"}],"predecessor-version":[{"id":1290,"href":"https:\/\/www.mureks.com.tr\/en\/wp-json\/wp\/v2\/pages\/711\/revisions\/1290"}],"wp:attachment":[{"href":"https:\/\/www.mureks.com.tr\/en\/wp-json\/wp\/v2\/media?parent=711"}],"curies":[{"name":"wp","href":"https:\/\/api.w.org\/{rel}","templated":true}]}}