{"id":624,"date":"2019-02-12T01:42:09","date_gmt":"2019-02-12T01:42:09","guid":{"rendered":"http:\/\/www.fabrikatemizligi.org\/?page_id=624"},"modified":"2022-01-18T12:15:44","modified_gmt":"2022-01-18T12:15:44","slug":"iletisim","status":"publish","type":"page","link":"https:\/\/www.mureks.com.tr\/en\/iletisim\/","title":{"rendered":"CONTACT"},"content":{"rendered":"<p>[vc_row][vc_column][vc_empty_space][\/vc_column][\/vc_row][vc_row][vc_column][vc_column_text]<\/p>\n<p style=\"text-align: center;\"><iframe loading=\"lazy\" style=\"border: 0;\" src=\"https:\/\/www.google.com\/maps\/embed?pb=!1m14!1m8!1m3!1d96400.46613685387!2d29.085169000000004!3d40.970212!3m2!1i1024!2i768!4f13.1!3m3!1m2!1s0x0%3A0xe7c2cb30f0908448!2zTXVyZWtzIETEscWfIFRpY2FyZXQ!5e0!3m2!1str!2sus!4v1568124958328!5m2!1str!2sus\" width=\"100%\" height=\"350\" frameborder=\"0\" allowfullscreen=\"allowfullscreen\"><span data-mce-type=\"bookmark\" style=\"display: inline-block; width: 0px; overflow: hidden; line-height: 0;\" class=\"mce_SELRES_start\">\ufeff<\/span><\/iframe><\/p>\n<p style=\"text-align: center;\"><strong>ADDRESS<\/strong><br \/>\n19 May\u0131s Mah. G\u00fcne\u015fli Sok. No:2 D:5 Kazasker Kad\u0131k\u00f6y \/ \u0130stanbul 34736<\/p>\n<p style=\"text-align: center;\"><strong>PHONE<\/strong><br \/>\n+90 216 355 72 04<br \/>\n+90 216 355 72 07<\/p>\n<p style=\"text-align: center;\"><strong>FAX<\/strong><br \/>\n+90 216 355 72 48<\/p>\n<p style=\"text-align: center;\"><strong>EMAIL<\/strong><br \/>\nmureks@mureks.com.tr<br \/>\nb.guner@mureks.com.tr<br \/>\nm.guner@mureks.com.tr<br \/>\na.durmus@mureks.com.tr<\/p>\n<p>[\/vc_column_text][vc_empty_space height=&#8221;50px&#8221;][\/vc_column][\/vc_row]<\/p>","protected":false},"excerpt":{"rendered":"<p>[vc_row][vc_column][vc_empty_space][\/vc_column][\/vc_row][vc_row][vc_column][vc_column_text] \ufeff ADDRESS 19 May\u0131s Mah. G\u00fcne\u015fli Sok. No:2 D:5 Kazasker Kad\u0131k\u00f6y \/ \u0130stanbul 34736 PHONE +90 216 355 72 04 +90 216 355 72 07 FAX +90 216 355 72 48 EMAIL mureks@mureks.com.tr b.guner@mureks.com.tr m.guner@mureks.com.tr a.durmus@mureks.com.tr [\/vc_column_text][vc_empty_space height=&#8221;50px&#8221;][\/vc_column][\/vc_row]<\/p>\n","protected":false},"author":1,"featured_media":0,"parent":0,"menu_order":0,"comment_status":"closed","ping_status":"closed","template":"","meta":{"om_disable_all_campaigns":false,"_monsterinsights_skip_tracking":false,"_monsterinsights_sitenote_active":false,"_monsterinsights_sitenote_note":"","_monsterinsights_sitenote_category":0,"footnotes":""},"class_list":["post-624","page","type-page","status-publish","hentry","no-post-thumbnail"],"_links":{"self":[{"href":"https:\/\/www.mureks.com.tr\/en\/wp-json\/wp\/v2\/pages\/624","targetHints":{"allow":["GET"]}}],"collection":[{"href":"https:\/\/www.mureks.com.tr\/en\/wp-json\/wp\/v2\/pages"}],"about":[{"href":"https:\/\/www.mureks.com.tr\/en\/wp-json\/wp\/v2\/types\/page"}],"author":[{"embeddable":true,"href":"https:\/\/www.mureks.com.tr\/en\/wp-json\/wp\/v2\/users\/1"}],"replies":[{"embeddable":true,"href":"https:\/\/www.mureks.com.tr\/en\/wp-json\/wp\/v2\/comments?post=624"}],"version-history":[{"count":19,"href":"https:\/\/www.mureks.com.tr\/en\/wp-json\/wp\/v2\/pages\/624\/revisions"}],"predecessor-version":[{"id":1300,"href":"https:\/\/www.mureks.com.tr\/en\/wp-json\/wp\/v2\/pages\/624\/revisions\/1300"}],"wp:attachment":[{"href":"https:\/\/www.mureks.com.tr\/en\/wp-json\/wp\/v2\/media?parent=624"}],"curies":[{"name":"wp","href":"https:\/\/api.w.org\/{rel}","templated":true}]}}