{"id":1187,"date":"2019-09-18T18:45:39","date_gmt":"2019-09-18T18:45:39","guid":{"rendered":"http:\/\/www.mureks.com.tr\/yeni\/?page_id=1187"},"modified":"2022-01-18T10:12:47","modified_gmt":"2022-01-18T10:12:47","slug":"grafit-elektrod","status":"publish","type":"page","link":"https:\/\/www.mureks.com.tr\/en\/grafit-elektrod\/","title":{"rendered":"GRAPHITE ELECTRODE"},"content":{"rendered":"<p>[vc_row][vc_column][vc_empty_space][\/vc_column][\/vc_row][vc_row][vc_column width=&#8221;2\/3&#8243;][vc_column_text]<\/p>\n<div class=\"wpb_text_column wpb_content_element \">\n<div class=\"wpb_wrapper\">\n<p><img loading=\"lazy\" decoding=\"async\" class=\"alignleft wp-image-1164 size-full\" src=\"http:\/\/www.mureks.com.tr\/wp-content\/uploads\/2019\/09\/HP.jpg\" alt=\"\" width=\"258\" height=\"171\" \/>Graphite electrode are manufactured with high quality raw materials including petroleum cokes,needle cokes and coal tar pitch through the production processes of calcining, crushing, screening, dosing, kneading, extruding, baking, impregnation, graphitization, machining. Our products products are characterized by superior compact structure, good electrical and thermal conductivity, high mechanical strength and high resistance to oxidation and corrosion in high tempertature.<\/p>\n<p>The graphite electrode are widely used in electric arc furnace and ladle refining furnaces foe steel making and used in ore smelting furnace for producing industrial silicocn,yellow phosphorus,corundum,nonmetals and so on,it is one essential part of the raw material industry.<\/p>\n<\/div>\n<\/div>\n<ul>\n<li><a href=\"http:\/\/www.mureks.com.tr\/rp-grafit-elektrot\">RP GRAPHITE ELECTRODE<\/a><\/li>\n<li><a href=\"http:\/\/www.mureks.com.tr\/emdirilmis-grafit-elektrot\">IMPREGNATED GRAPHITE ELECTRODE<\/a><\/li>\n<li><a href=\"http:\/\/www.mureks.com.tr\/hp-grafit-elektrot\">HP GRAPHITE ELECTRODE<\/a><\/li>\n<li><a href=\"http:\/\/www.mureks.com.tr\/shp-grafit-elektrot\">SHP GRAPHITE ELECTRODE<\/a><\/li>\n<li><a href=\"http:\/\/www.mureks.com.tr\/uhp-grafit-elektrot\">UHP GRAPHITE ELECTRODE<\/a><\/li>\n<li><a href=\"http:\/\/www.mureks.com.tr\/antioksidan-grafit-elektrot\">ANT\u0130OX\u0130DANT GRAPHITE ELECTRODE<\/a><\/li>\n<li><a href=\"http:\/\/www.mureks.com.tr\/balmumu-emdirilmis-grafit-elektrot\">WAX- IMPREGNATED GRAPHITE ELECTRODE<\/a><\/li>\n<\/ul>\n<p>[\/vc_column_text][vc_empty_space height=&#8221;50px&#8221;][\/vc_column][vc_column width=&#8221;1\/3&#8243; css=&#8221;.vc_custom_1548547510622{border-left-width: 1px !important;padding-left: 10px !important;border-left-color: #4c4c4c !important;border-left-style: dotted !important;}&#8221;][vc_column_text]<strong><img loading=\"lazy\" decoding=\"async\" class=\"alignnone size-full wp-image-1052\" src=\"http:\/\/www.mureks.com.tr\/yeni\/wp-content\/uploads\/2019\/09\/banner-1-1.jpg\" alt=\"\" width=\"350\" height=\"300\" srcset=\"https:\/\/www.mureks.com.tr\/wp-content\/uploads\/2019\/09\/banner-1-1.jpg 350w, https:\/\/www.mureks.com.tr\/wp-content\/uploads\/2019\/09\/banner-1-1-300x257.jpg 300w\" sizes=\"auto, (max-width: 350px) 100vw, 350px\" \/><\/strong><\/p>\n<p><strong>ADDRESS<\/strong><br \/>\n19 May\u0131s Mah. G\u00fcne\u015fli Sok. No:2 D:5 Kazasker Kad\u0131k\u00f6y \/ \u0130stanbul 34736<\/p>\n<p><strong>PHONE<\/strong><br \/>\n+90 216 355 72 04<\/p>\n<p><strong>FAX<\/strong><br \/>\n+90 216 355 72 48<\/p>\n<p><strong>MAIL<\/strong><br \/>\nmureks@mureks.com.tr[\/vc_column_text][\/vc_column][\/vc_row]<\/p>","protected":false},"excerpt":{"rendered":"<p>[vc_row][vc_column][vc_empty_space][\/vc_column][\/vc_row][vc_row][vc_column width=&#8221;2\/3&#8243;][vc_column_text] Graphite electrode are manufactured with high quality raw materials including petroleum cokes,needle cokes and coal tar pitch through the production processes of calcining, crushing, screening, dosing, kneading, extruding, baking, impregnation, graphitization, machining. Our products products are characterized by superior compact structure, good electrical and thermal conductivity, high mechanical strength and high resistance to [&hellip;]<\/p>\n","protected":false},"author":1,"featured_media":0,"parent":0,"menu_order":0,"comment_status":"closed","ping_status":"closed","template":"","meta":{"om_disable_all_campaigns":false,"_monsterinsights_skip_tracking":false,"_monsterinsights_sitenote_active":false,"_monsterinsights_sitenote_note":"","_monsterinsights_sitenote_category":0,"footnotes":""},"class_list":["post-1187","page","type-page","status-publish","hentry","no-post-thumbnail"],"_links":{"self":[{"href":"https:\/\/www.mureks.com.tr\/en\/wp-json\/wp\/v2\/pages\/1187","targetHints":{"allow":["GET"]}}],"collection":[{"href":"https:\/\/www.mureks.com.tr\/en\/wp-json\/wp\/v2\/pages"}],"about":[{"href":"https:\/\/www.mureks.com.tr\/en\/wp-json\/wp\/v2\/types\/page"}],"author":[{"embeddable":true,"href":"https:\/\/www.mureks.com.tr\/en\/wp-json\/wp\/v2\/users\/1"}],"replies":[{"embeddable":true,"href":"https:\/\/www.mureks.com.tr\/en\/wp-json\/wp\/v2\/comments?post=1187"}],"version-history":[{"count":14,"href":"https:\/\/www.mureks.com.tr\/en\/wp-json\/wp\/v2\/pages\/1187\/revisions"}],"predecessor-version":[{"id":1283,"href":"https:\/\/www.mureks.com.tr\/en\/wp-json\/wp\/v2\/pages\/1187\/revisions\/1283"}],"wp:attachment":[{"href":"https:\/\/www.mureks.com.tr\/en\/wp-json\/wp\/v2\/media?parent=1187"}],"curies":[{"name":"wp","href":"https:\/\/api.w.org\/{rel}","templated":true}]}}