{"id":1151,"date":"2019-09-15T09:32:29","date_gmt":"2019-09-15T09:32:29","guid":{"rendered":"http:\/\/www.mureks.com.tr\/yeni\/?page_id=1151"},"modified":"2022-01-17T11:44:33","modified_gmt":"2022-01-17T11:44:33","slug":"antioksidan-grafit-elektrot","status":"publish","type":"page","link":"https:\/\/www.mureks.com.tr\/en\/antioksidan-grafit-elektrot\/","title":{"rendered":"ANT\u0130OX\u0130DANT GRAPHITE ELECTRODE"},"content":{"rendered":"<p>[vc_row][vc_column][vc_empty_space][\/vc_column][\/vc_row][vc_row][vc_column][vc_column_text]<\/p>\n<p style=\"text-align: center;\"><strong>ANT\u0130OX\u0130DANT GRAPH\u0130TE ELEKTRODE<\/strong><\/p>\n<p style=\"text-align: center;\"><img loading=\"lazy\" decoding=\"async\" class=\"size-full wp-image-1152 aligncenter\" src=\"http:\/\/www.mureks.com.tr\/yeni\/wp-content\/uploads\/2019\/09\/1.1.jpg\" alt=\"\" width=\"849\" height=\"249\" srcset=\"https:\/\/www.mureks.com.tr\/wp-content\/uploads\/2019\/09\/1.1.jpg 849w, https:\/\/www.mureks.com.tr\/wp-content\/uploads\/2019\/09\/1.1-300x88.jpg 300w, https:\/\/www.mureks.com.tr\/wp-content\/uploads\/2019\/09\/1.1-768x225.jpg 768w, https:\/\/www.mureks.com.tr\/wp-content\/uploads\/2019\/09\/1.1-555x163.jpg 555w, https:\/\/www.mureks.com.tr\/wp-content\/uploads\/2019\/09\/1.1-600x176.jpg 600w\" sizes=\"auto, (max-width: 849px) 100vw, 849px\" \/><\/p>\n<p style=\"text-align: center;\">Antioxidant graphite electrode is graphite electrode coated with a layer of antioxidant protective coating (graphite electrode antioxidant). Its function is to effectively prevent oxidation of the graphite electrode surface at certain temperatures, reduce graphite electrode consumption, and improve the service life of the electrode.<\/p>\n<p>[\/vc_column_text][vc_empty_space height=&#8221;50px&#8221;][\/vc_column][\/vc_row][vc_row][vc_column][\/vc_column][\/vc_row]<\/p>","protected":false},"excerpt":{"rendered":"<p>[vc_row][vc_column][vc_empty_space][\/vc_column][\/vc_row][vc_row][vc_column][vc_column_text] ANT\u0130OX\u0130DANT GRAPH\u0130TE ELEKTRODE Antioxidant graphite electrode is graphite electrode coated with a layer of antioxidant protective coating (graphite electrode antioxidant). Its function is to effectively prevent oxidation of the graphite electrode surface at certain temperatures, reduce graphite electrode consumption, and improve the service life of the electrode. [\/vc_column_text][vc_empty_space height=&#8221;50px&#8221;][\/vc_column][\/vc_row][vc_row][vc_column][\/vc_column][\/vc_row]<\/p>\n","protected":false},"author":1,"featured_media":0,"parent":0,"menu_order":0,"comment_status":"closed","ping_status":"closed","template":"","meta":{"om_disable_all_campaigns":false,"_monsterinsights_skip_tracking":false,"_monsterinsights_sitenote_active":false,"_monsterinsights_sitenote_note":"","_monsterinsights_sitenote_category":0,"footnotes":""},"class_list":["post-1151","page","type-page","status-publish","hentry","no-post-thumbnail"],"_links":{"self":[{"href":"https:\/\/www.mureks.com.tr\/en\/wp-json\/wp\/v2\/pages\/1151","targetHints":{"allow":["GET"]}}],"collection":[{"href":"https:\/\/www.mureks.com.tr\/en\/wp-json\/wp\/v2\/pages"}],"about":[{"href":"https:\/\/www.mureks.com.tr\/en\/wp-json\/wp\/v2\/types\/page"}],"author":[{"embeddable":true,"href":"https:\/\/www.mureks.com.tr\/en\/wp-json\/wp\/v2\/users\/1"}],"replies":[{"embeddable":true,"href":"https:\/\/www.mureks.com.tr\/en\/wp-json\/wp\/v2\/comments?post=1151"}],"version-history":[{"count":5,"href":"https:\/\/www.mureks.com.tr\/en\/wp-json\/wp\/v2\/pages\/1151\/revisions"}],"predecessor-version":[{"id":1248,"href":"https:\/\/www.mureks.com.tr\/en\/wp-json\/wp\/v2\/pages\/1151\/revisions\/1248"}],"wp:attachment":[{"href":"https:\/\/www.mureks.com.tr\/en\/wp-json\/wp\/v2\/media?parent=1151"}],"curies":[{"name":"wp","href":"https:\/\/api.w.org\/{rel}","templated":true}]}}