{"id":1058,"date":"2019-09-10T14:21:46","date_gmt":"2019-09-10T14:21:46","guid":{"rendered":"http:\/\/www.mureks.com.tr\/yeni\/?page_id=1058"},"modified":"2022-01-18T10:11:26","modified_gmt":"2022-01-18T10:11:26","slug":"sodyum-silikat","status":"publish","type":"page","link":"https:\/\/www.mureks.com.tr\/en\/sodyum-silikat\/","title":{"rendered":"SODIUM SILICATE"},"content":{"rendered":"<p>[vc_row][vc_column][vc_empty_space][\/vc_column][\/vc_row][vc_row][vc_column width=&#8221;2\/3&#8243;][vc_column_text]<\/p>\n<div id=\"slideshowu16652\" class=\"SlideShowWidget clearfix grpelem\">\n<div id=\"u16661popup\" class=\"popup_anchor\">\n<div id=\"u16661\" class=\"SSSlideLinks clearfix\">\n<div id=\"u16668\" class=\"SSSlideLink rgba-background clip_frame grpelem\" tabindex=\"-1\" role=\"tab\" data-muse-uid=\"U16668\" data-muse-type=\"img_frame\" aria-controls=\"u16684\"><strong>SODIUM SILICATE<\/strong><\/div>\n<\/div>\n<\/div>\n<div id=\"u16689-3popup\" class=\"popup_anchor\"><img loading=\"lazy\" decoding=\"async\" class=\"alignnone size-full wp-image-1110\" src=\"http:\/\/www.mureks.com.tr\/yeni\/wp-content\/uploads\/2019\/09\/product-sodium-silicate.jpg\" alt=\"\" width=\"345\" height=\"200\" srcset=\"https:\/\/www.mureks.com.tr\/wp-content\/uploads\/2019\/09\/product-sodium-silicate.jpg 345w, https:\/\/www.mureks.com.tr\/wp-content\/uploads\/2019\/09\/product-sodium-silicate-300x174.jpg 300w\" sizes=\"auto, (max-width: 345px) 100vw, 345px\" \/><\/div>\n<div><\/div>\n<div class=\"popup_anchor\">They are ion forms of shapeless parts up to 150 mm in size.Transportation is carried out in bulk and is also packaged in soft disposable containers (Big-Bag type) made of polyethylene fabric.<\/div>\n<\/div>\n<div id=\"u16651-22\" class=\"clearfix grpelem\" data-muse-uid=\"U16651\" data-muse-type=\"txt_frame\" data-ibe-flags=\"txtStyleSrc\">\n<p>It is used in these:<\/p>\n<p style=\"padding-left: 40px;\">The production of liquid glass (water solution of block silicate);<\/p>\n<p style=\"padding-left: 40px;\">Machine making: welding material and welding electrodes for the production of rods;<\/p>\n<p style=\"padding-left: 40px;\">Paper industry: impregnation of pulp, glue for cardboard, corrugated tar<\/p>\n<p style=\"padding-left: 40px;\">Chemistry and petroleum chemistry: in the manufacture of synthetic cleaning agents, silica dyes, catalysts for oil breaking, white carbon, silica gel, anti-corrosion primers;<\/p>\n<p style=\"padding-left: 40px;\">In light industry: as an impregnation and fixing agent for bleaching and dyeing fabrics;<\/p>\n<p style=\"padding-left: 40px;\">and also for the production of paste, casting and flotation.<\/p>\n<\/div>\n<p>[\/vc_column_text][vc_empty_space height=&#8221;50px&#8221;][\/vc_column][vc_column width=&#8221;1\/3&#8243; css=&#8221;.vc_custom_1548547510622{border-left-width: 1px !important;padding-left: 10px !important;border-left-color: #4c4c4c !important;border-left-style: dotted !important;}&#8221;][vc_column_text]<strong><img loading=\"lazy\" decoding=\"async\" class=\"alignnone size-full wp-image-1052\" src=\"http:\/\/www.mureks.com.tr\/yeni\/wp-content\/uploads\/2019\/09\/banner-1-1.jpg\" alt=\"\" width=\"350\" height=\"300\" srcset=\"https:\/\/www.mureks.com.tr\/wp-content\/uploads\/2019\/09\/banner-1-1.jpg 350w, https:\/\/www.mureks.com.tr\/wp-content\/uploads\/2019\/09\/banner-1-1-300x257.jpg 300w\" sizes=\"auto, (max-width: 350px) 100vw, 350px\" \/><\/strong><\/p>\n<p><strong>ADDRESS<\/strong><br \/>\n19 May\u0131s Mah. G\u00fcne\u015fli Sok. No:2 D:5 Kazasker Kad\u0131k\u00f6y \/ \u0130stanbul 34736<\/p>\n<p><strong>PHONE<\/strong><br \/>\n+90 216 355 72 04<\/p>\n<p><strong>FAX<\/strong><br \/>\n+90 216 355 72 48<\/p>\n<p><strong>MAIL<\/strong><br \/>\nmureks@mureks.com.tr[\/vc_column_text][\/vc_column][\/vc_row]<\/p>","protected":false},"excerpt":{"rendered":"<p>[vc_row][vc_column][vc_empty_space][\/vc_column][\/vc_row][vc_row][vc_column width=&#8221;2\/3&#8243;][vc_column_text] SODIUM SILICATE They are ion forms of shapeless parts up to 150 mm in size.Transportation is carried out in bulk and is also packaged in soft disposable containers (Big-Bag type) made of polyethylene fabric. It is used in these: The production of liquid glass (water solution of block silicate); Machine making: welding material [&hellip;]<\/p>\n","protected":false},"author":1,"featured_media":0,"parent":0,"menu_order":0,"comment_status":"closed","ping_status":"closed","template":"","meta":{"om_disable_all_campaigns":false,"_monsterinsights_skip_tracking":false,"_monsterinsights_sitenote_active":false,"_monsterinsights_sitenote_note":"","_monsterinsights_sitenote_category":0,"footnotes":""},"class_list":["post-1058","page","type-page","status-publish","hentry","no-post-thumbnail"],"_links":{"self":[{"href":"https:\/\/www.mureks.com.tr\/en\/wp-json\/wp\/v2\/pages\/1058","targetHints":{"allow":["GET"]}}],"collection":[{"href":"https:\/\/www.mureks.com.tr\/en\/wp-json\/wp\/v2\/pages"}],"about":[{"href":"https:\/\/www.mureks.com.tr\/en\/wp-json\/wp\/v2\/types\/page"}],"author":[{"embeddable":true,"href":"https:\/\/www.mureks.com.tr\/en\/wp-json\/wp\/v2\/users\/1"}],"replies":[{"embeddable":true,"href":"https:\/\/www.mureks.com.tr\/en\/wp-json\/wp\/v2\/comments?post=1058"}],"version-history":[{"count":15,"href":"https:\/\/www.mureks.com.tr\/en\/wp-json\/wp\/v2\/pages\/1058\/revisions"}],"predecessor-version":[{"id":1242,"href":"https:\/\/www.mureks.com.tr\/en\/wp-json\/wp\/v2\/pages\/1058\/revisions\/1242"}],"wp:attachment":[{"href":"https:\/\/www.mureks.com.tr\/en\/wp-json\/wp\/v2\/media?parent=1058"}],"curies":[{"name":"wp","href":"https:\/\/api.w.org\/{rel}","templated":true}]}}